{"id":71,"date":"2024-06-05T15:01:18","date_gmt":"2024-06-05T13:01:18","guid":{"rendered":"https:\/\/wp.personaltraining-mallorca.org\/alojamientos\/"},"modified":"2026-03-19T10:32:29","modified_gmt":"2026-03-19T09:32:29","slug":"alojamientos","status":"publish","type":"page","link":"https:\/\/wp.personaltraining-mallorca.org\/es\/","title":{"rendered":"DiBooq Booking Engine &#8211; WordPress Demo"},"content":{"rendered":"\n<div class=\"wp-block-columns is-layout-flex wp-container-core-columns-is-layout-28f84493 wp-block-columns-is-layout-flex\">\n<div class=\"wp-block-column is-layout-flow wp-block-column-is-layout-flow\" style=\"flex-basis:66.66%\">\n<figure class=\"wp-block-image size-large\"><img fetchpriority=\"high\" decoding=\"async\" width=\"1024\" height=\"461\" src=\"https:\/\/wp.personaltraining-mallorca.org\/wp-content\/uploads\/2024\/06\/titelbild-1024x461.jpg\" alt=\"\" class=\"wp-image-22\" srcset=\"https:\/\/wp.personaltraining-mallorca.org\/wp-content\/uploads\/2024\/06\/titelbild-1024x461.jpg 1024w, https:\/\/wp.personaltraining-mallorca.org\/wp-content\/uploads\/2024\/06\/titelbild-300x135.jpg 300w, https:\/\/wp.personaltraining-mallorca.org\/wp-content\/uploads\/2024\/06\/titelbild-768x346.jpg 768w, https:\/\/wp.personaltraining-mallorca.org\/wp-content\/uploads\/2024\/06\/titelbild-1536x691.jpg 1536w, https:\/\/wp.personaltraining-mallorca.org\/wp-content\/uploads\/2024\/06\/titelbild.jpg 1882w\" sizes=\"(max-width: 1024px) 100vw, 1024px\" \/><\/figure>\n<\/div>\n\n\n\n<div class=\"wp-block-column is-layout-flow wp-block-column-is-layout-flow\" style=\"flex-basis:33.33%\">\n<p>Esta es una p\u00e1gina de prueba para verificar la integraci\u00f3n del motor de reservas DiBooq en una instalaci\u00f3n est\u00e1ndar de WordPress.<br>El siguiente bot\u00f3n abre el motor de reservas en una superposici\u00f3n (overlay).<\/p>\n\n\n\n<div>\n  <script \n    src=\"https:\/\/safu-test.book.dibooq.com\/engine\/booking-engine.js\"\n    data-url=\"https:\/\/safu-test.book.dibooq.com\/\"\n    data-mode=\"button\"\n    data-button-text=\"Reservar ahora\">\n  <\/script>\n<\/div>\n<\/div>\n<\/div>\n\n\n\n<hr class=\"wp-block-separator has-alpha-channel-opacity\"\/>\n\n\n\n<div class=\"wp-block-columns is-layout-flex wp-container-core-columns-is-layout-28f84493 wp-block-columns-is-layout-flex\">\n<div class=\"wp-block-column is-layout-flow wp-block-column-is-layout-flow\">\n<p>Y esta ser\u00eda la integraci\u00f3n directa en la p\u00e1gina, sin bot\u00f3n y sin superposici\u00f3n.<\/p>\n\n\n\n<div>\n  <script \n    src=\"https:\/\/safu-test.book.dibooq.com\/engine\/booking-engine.js\"\n    data-url=\"https:\/\/safu-test.book.dibooq.com\/\"\n    data-mode=\"iframe\">\n  <\/script>\n<\/div>\n\n\n\n<p>Aqu\u00ed puede seguir otro contenido adicional.<\/p>\n<\/div>\n<\/div>\n\n\n\n<div class=\"wp-block-columns is-layout-flex wp-container-core-columns-is-layout-28f84493 wp-block-columns-is-layout-flex\"><\/div>\n\n\n\n<p><\/p>\n","protected":false},"excerpt":{"rendered":"<p>Esta es una p\u00e1gina de prueba para verificar la integraci\u00f3n del motor de reservas DiBooq en una instalaci\u00f3n est\u00e1ndar de WordPress.El siguiente bot\u00f3n abre el motor de reservas en una superposici\u00f3n (overlay). Y esta ser\u00eda la integraci\u00f3n directa en la p\u00e1gina, sin bot\u00f3n y sin superposici\u00f3n. Aqu\u00ed puede seguir otro contenido adicional.<\/p>\n","protected":false},"author":1,"featured_media":0,"parent":0,"menu_order":0,"comment_status":"closed","ping_status":"closed","template":"","meta":{"footnotes":""},"class_list":["post-71","page","type-page","status-publish","hentry"],"_links":{"self":[{"href":"https:\/\/wp.personaltraining-mallorca.org\/es\/wp-json\/wp\/v2\/pages\/71","targetHints":{"allow":["GET"]}}],"collection":[{"href":"https:\/\/wp.personaltraining-mallorca.org\/es\/wp-json\/wp\/v2\/pages"}],"about":[{"href":"https:\/\/wp.personaltraining-mallorca.org\/es\/wp-json\/wp\/v2\/types\/page"}],"author":[{"embeddable":true,"href":"https:\/\/wp.personaltraining-mallorca.org\/es\/wp-json\/wp\/v2\/users\/1"}],"replies":[{"embeddable":true,"href":"https:\/\/wp.personaltraining-mallorca.org\/es\/wp-json\/wp\/v2\/comments?post=71"}],"version-history":[{"count":10,"href":"https:\/\/wp.personaltraining-mallorca.org\/es\/wp-json\/wp\/v2\/pages\/71\/revisions"}],"predecessor-version":[{"id":560,"href":"https:\/\/wp.personaltraining-mallorca.org\/es\/wp-json\/wp\/v2\/pages\/71\/revisions\/560"}],"wp:attachment":[{"href":"https:\/\/wp.personaltraining-mallorca.org\/es\/wp-json\/wp\/v2\/media?parent=71"}],"curies":[{"name":"wp","href":"https:\/\/api.w.org\/{rel}","templated":true}]}}