{"id":84,"date":"2024-06-05T14:54:46","date_gmt":"2024-06-05T12:54:46","guid":{"rendered":"https:\/\/wp.personaltraining-mallorca.org\/sobre-nosotros\/"},"modified":"2024-08-23T15:07:36","modified_gmt":"2024-08-23T13:07:36","slug":"sobre-nosotros","status":"publish","type":"page","link":"https:\/\/wp.personaltraining-mallorca.org\/es\/sobre-nosotros\/","title":{"rendered":"Sobre nosotros"},"content":{"rendered":"<p>Willkommen auf unserer Demo-Buchungswebsite! Wir freuen uns, Ihnen die Funktionalit\u00e4ten und M\u00f6glichkeiten unserer Plattform vorstellen zu d\u00fcrfen.<\/p>\n<p>Diese Website wurde mit dem <strong>Portal-Builder von DiBooq<\/strong> erstellt. DiBooq erm\u00f6glicht es Ihnen, beeindruckende Buchungswebsites zu erstellen, ohne umfangreiche Programmierkenntnisse zu ben\u00f6tigen. Die von uns generierte Web-Komponente wurde nahtlos in eine Standard WordPress-Website integriert. Mit nur grundlegenden Kenntnissen in WordPress k\u00f6nnen Sie Ihre eigene Buchungswebsite erstellen und verwalten.<\/p>\n<h2>Nahtlose Integration und maximale Flexibilit\u00e4t<\/h2>\n<p>Unsere DiBooq Web-Komponente f\u00fcgt sich perfekt als Unterseite in Ihre WordPress-Website ein. Dies bedeutet, dass Sie neben der Buchungsseite beliebige weitere Unterseiten erstellen k\u00f6nnen \u2013 sei es ein Blog, eine \u201e\u00dcber uns\u201c-Seite oder andere Landingpages. Die Integration der DiBooq-Komponente in WordPress gew\u00e4hrleistet, dass Sie vollst\u00e4ndige Flexibilit\u00e4t bei der Gestaltung und Erweiterung Ihrer Website behalten.<\/p>\n<h2>Verwaltung im DiBooq Booking Manager<\/h2>\n<p>Die Verwaltung Ihrer Unterk\u00fcnfte und Buchungsprozesse erfolgt \u00fcber den <strong>DiBooq Booking Manager<\/strong>, ein leistungsstarkes Property Management System (PMS) speziell f\u00fcr Ferienhausagenturen. Der Booking Manager bietet Ihnen umfassende Werkzeuge zur zentralen Verwaltung aller Buchungen und Unterk\u00fcnfte und optimiert Ihre Gesch\u00e4ftsabl\u00e4ufe.<\/p>\n<p>F\u00fcr detaillierte Informationen zu unserer Property Management Software und wie sie Ihre Ferienhausagentur unterst\u00fctzen kann, besuchen Sie bitte unsere <a href=\"https:\/\/www.dibooq.com\/de\/ferienhaus-agenturen\/property-management-software-pms\" target=\"_blank\" rel=\"noopener noreferrer\">Landingpage<\/a>.<\/p>\n<p>Wir hoffen, dass Ihnen unser Demo-Angebot gef\u00e4llt und freuen uns darauf, Ihnen zu zeigen, wie einfach es ist, Ihre eigene Buchungswebsite mit DiBooq zu erstellen und zu verwalten. Sollten Sie Fragen haben oder Unterst\u00fctzung ben\u00f6tigen, z\u00f6gern Sie nicht, uns zu kontaktieren.<\/p>\n<hr \/>\n<p>Bei Fragen oder f\u00fcr weitere Informationen stehen wir Ihnen gerne zur Verf\u00fcgung. Besuchen Sie unsere Website oder kontaktieren Sie uns direkt \u00fcber die angegebene E-Mail-Adresse.<\/p>\n","protected":false},"excerpt":{"rendered":"<p>Willkommen auf unserer Demo-Buchungswebsite! Wir freuen uns, Ihnen die Funktionalit\u00e4ten und M\u00f6glichkeiten unserer Plattform vorstellen zu d\u00fcrfen. Diese Website wurde mit dem Portal-Builder von DiBooq erstellt. DiBooq erm\u00f6glicht es Ihnen, beeindruckende Buchungswebsites zu erstellen, ohne umfangreiche Programmierkenntnisse zu ben\u00f6tigen. Die von uns generierte Web-Komponente wurde nahtlos in eine Standard WordPress-Website integriert. Mit nur grundlegenden Kenntnissen [&hellip;]<\/p>\n","protected":false},"author":1,"featured_media":0,"parent":0,"menu_order":0,"comment_status":"closed","ping_status":"open","template":"","meta":{"footnotes":""},"class_list":["post-84","page","type-page","status-publish","hentry"],"_links":{"self":[{"href":"https:\/\/wp.personaltraining-mallorca.org\/es\/wp-json\/wp\/v2\/pages\/84","targetHints":{"allow":["GET"]}}],"collection":[{"href":"https:\/\/wp.personaltraining-mallorca.org\/es\/wp-json\/wp\/v2\/pages"}],"about":[{"href":"https:\/\/wp.personaltraining-mallorca.org\/es\/wp-json\/wp\/v2\/types\/page"}],"author":[{"embeddable":true,"href":"https:\/\/wp.personaltraining-mallorca.org\/es\/wp-json\/wp\/v2\/users\/1"}],"replies":[{"embeddable":true,"href":"https:\/\/wp.personaltraining-mallorca.org\/es\/wp-json\/wp\/v2\/comments?post=84"}],"version-history":[{"count":2,"href":"https:\/\/wp.personaltraining-mallorca.org\/es\/wp-json\/wp\/v2\/pages\/84\/revisions"}],"predecessor-version":[{"id":167,"href":"https:\/\/wp.personaltraining-mallorca.org\/es\/wp-json\/wp\/v2\/pages\/84\/revisions\/167"}],"wp:attachment":[{"href":"https:\/\/wp.personaltraining-mallorca.org\/es\/wp-json\/wp\/v2\/media?parent=84"}],"curies":[{"name":"wp","href":"https:\/\/api.w.org\/{rel}","templated":true}]}}