{"id":77,"date":"2024-06-05T15:01:18","date_gmt":"2024-06-05T13:01:18","guid":{"rendered":"https:\/\/wp.personaltraining-mallorca.org\/hebergements\/"},"modified":"2025-11-11T11:51:43","modified_gmt":"2025-11-11T10:51:43","slug":"hebergements","status":"publish","type":"page","link":"https:\/\/wp.personaltraining-mallorca.org\/fr\/","title":{"rendered":"DiBooq Booking Engine &#8211; WordPress Demo"},"content":{"rendered":"\n<div class=\"wp-block-columns is-layout-flex wp-container-core-columns-is-layout-28f84493 wp-block-columns-is-layout-flex\">\n<div class=\"wp-block-column is-layout-flow wp-block-column-is-layout-flow\" style=\"flex-basis:66.66%\">\n<figure class=\"wp-block-image size-large\"><img fetchpriority=\"high\" decoding=\"async\" width=\"1024\" height=\"461\" src=\"https:\/\/wp.personaltraining-mallorca.org\/wp-content\/uploads\/2024\/06\/titelbild-1024x461.jpg\" alt=\"\" class=\"wp-image-22\" srcset=\"https:\/\/wp.personaltraining-mallorca.org\/wp-content\/uploads\/2024\/06\/titelbild-1024x461.jpg 1024w, https:\/\/wp.personaltraining-mallorca.org\/wp-content\/uploads\/2024\/06\/titelbild-300x135.jpg 300w, https:\/\/wp.personaltraining-mallorca.org\/wp-content\/uploads\/2024\/06\/titelbild-768x346.jpg 768w, https:\/\/wp.personaltraining-mallorca.org\/wp-content\/uploads\/2024\/06\/titelbild-1536x691.jpg 1536w, https:\/\/wp.personaltraining-mallorca.org\/wp-content\/uploads\/2024\/06\/titelbild.jpg 1882w\" sizes=\"(max-width: 1024px) 100vw, 1024px\" \/><\/figure>\n<\/div>\n\n\n\n<div class=\"wp-block-column is-layout-flow wp-block-column-is-layout-flow\" style=\"flex-basis:33.33%\">\n<p>Ceci est une page de test destin\u00e9e \u00e0 v\u00e9rifier l\u2019int\u00e9gration du moteur de r\u00e9servation DiBooq dans une installation WordPress standard.<br><br><br>Le bouton ci-dessous ouvre le moteur de r\u00e9servation dans une superposition (overlay).<\/p>\n\n\n\n<script \n  src=\"https:\/\/tutorial-de.book.dibooq.com\/engine\/booking-engine.js\"\n  data-url=\"https:\/\/tutorial-de.book.dibooq.com\/\"data-mode=\"button\" data-button-text=\"R\u00e9server maintenant\"><\/script>\n<\/div>\n<\/div>\n\n\n\n<hr class=\"wp-block-separator has-alpha-channel-opacity\"\/>\n\n\n\n<div class=\"wp-block-columns is-layout-flex wp-container-core-columns-is-layout-28f84493 wp-block-columns-is-layout-flex\">\n<div class=\"wp-block-column is-layout-flow wp-block-column-is-layout-flow\">\n<p>Et voici l\u2019int\u00e9gration directement dans la page, sans bouton et sans superposition.<\/p>\n\n\n\n<script \n  src=\"https:\/\/tutorial-de.book.dibooq.com\/engine\/booking-engine.js\"\n  data-url=\"https:\/\/tutorial-de.book.dibooq.com\/\" \ndata-mode=\"iframe\"><\/script>\n\n\n\n<p>Du contenu suppl\u00e9mentaire peut suivre ici.<\/p>\n<\/div>\n<\/div>\n\n\n\n<div class=\"wp-block-columns is-layout-flex wp-container-core-columns-is-layout-28f84493 wp-block-columns-is-layout-flex\"><\/div>\n\n\n\n<p><\/p>\n","protected":false},"excerpt":{"rendered":"<p>Ceci est une page de test destin\u00e9e \u00e0 v\u00e9rifier l\u2019int\u00e9gration du moteur de r\u00e9servation DiBooq dans une installation WordPress standard. Le bouton ci-dessous ouvre le moteur de r\u00e9servation dans une superposition (overlay). Et voici l\u2019int\u00e9gration directement dans la page, sans bouton et sans superposition. Du contenu suppl\u00e9mentaire peut suivre ici.<\/p>\n","protected":false},"author":1,"featured_media":0,"parent":0,"menu_order":0,"comment_status":"closed","ping_status":"closed","template":"","meta":{"footnotes":""},"class_list":["post-77","page","type-page","status-publish","hentry"],"_links":{"self":[{"href":"https:\/\/wp.personaltraining-mallorca.org\/fr\/wp-json\/wp\/v2\/pages\/77","targetHints":{"allow":["GET"]}}],"collection":[{"href":"https:\/\/wp.personaltraining-mallorca.org\/fr\/wp-json\/wp\/v2\/pages"}],"about":[{"href":"https:\/\/wp.personaltraining-mallorca.org\/fr\/wp-json\/wp\/v2\/types\/page"}],"author":[{"embeddable":true,"href":"https:\/\/wp.personaltraining-mallorca.org\/fr\/wp-json\/wp\/v2\/users\/1"}],"replies":[{"embeddable":true,"href":"https:\/\/wp.personaltraining-mallorca.org\/fr\/wp-json\/wp\/v2\/comments?post=77"}],"version-history":[{"count":10,"href":"https:\/\/wp.personaltraining-mallorca.org\/fr\/wp-json\/wp\/v2\/pages\/77\/revisions"}],"predecessor-version":[{"id":408,"href":"https:\/\/wp.personaltraining-mallorca.org\/fr\/wp-json\/wp\/v2\/pages\/77\/revisions\/408"}],"wp:attachment":[{"href":"https:\/\/wp.personaltraining-mallorca.org\/fr\/wp-json\/wp\/v2\/media?parent=77"}],"curies":[{"name":"wp","href":"https:\/\/api.w.org\/{rel}","templated":true}]}}