{"id":73,"date":"2024-06-05T15:01:18","date_gmt":"2024-06-05T13:01:18","guid":{"rendered":"https:\/\/wp.personaltraining-mallorca.org\/acomodacoes\/"},"modified":"2025-10-20T02:55:06","modified_gmt":"2025-10-20T00:55:06","slug":"acomodacoes","status":"publish","type":"page","link":"https:\/\/wp.personaltraining-mallorca.org\/pt-pt\/","title":{"rendered":"DiBooq Booking Engine &#8211; WordPress Demo"},"content":{"rendered":"\n<div class=\"wp-block-columns is-layout-flex wp-container-core-columns-is-layout-28f84493 wp-block-columns-is-layout-flex\">\n<div class=\"wp-block-column is-layout-flow wp-block-column-is-layout-flow\" style=\"flex-basis:66.66%\">\n<figure class=\"wp-block-image size-large\"><img fetchpriority=\"high\" decoding=\"async\" width=\"1024\" height=\"461\" src=\"https:\/\/wp.personaltraining-mallorca.org\/wp-content\/uploads\/2024\/06\/titelbild-1024x461.jpg\" alt=\"\" class=\"wp-image-22\" srcset=\"https:\/\/wp.personaltraining-mallorca.org\/wp-content\/uploads\/2024\/06\/titelbild-1024x461.jpg 1024w, https:\/\/wp.personaltraining-mallorca.org\/wp-content\/uploads\/2024\/06\/titelbild-300x135.jpg 300w, https:\/\/wp.personaltraining-mallorca.org\/wp-content\/uploads\/2024\/06\/titelbild-768x346.jpg 768w, https:\/\/wp.personaltraining-mallorca.org\/wp-content\/uploads\/2024\/06\/titelbild-1536x691.jpg 1536w, https:\/\/wp.personaltraining-mallorca.org\/wp-content\/uploads\/2024\/06\/titelbild.jpg 1882w\" sizes=\"(max-width: 1024px) 100vw, 1024px\" \/><\/figure>\n<\/div>\n\n\n\n<div class=\"wp-block-column is-layout-flow wp-block-column-is-layout-flow\" style=\"flex-basis:33.33%\">\n<p>sta \u00e9 uma p\u00e1gina de teste para verificar a integra\u00e7\u00e3o do motor de reservas DiBooq numa instala\u00e7\u00e3o padr\u00e3o do WordPress.<br><br>O bot\u00e3o abaixo abre o motor de reservas numa sobreposi\u00e7\u00e3o (overlay).<\/p>\n\n\n\n<script src=\"https:\/\/bken.personaltraining-mallorca.org\/booking-engine.min.js\" data-url=\"https:\/\/barca.book-dev.dibooq.com\/\" data-mode=\"button\" data-button-text=\"Reservar agora\"><\/script>\n<\/div>\n<\/div>\n\n\n\n<hr class=\"wp-block-separator has-alpha-channel-opacity\"\/>\n\n\n\n<div class=\"wp-block-columns is-layout-flex wp-container-core-columns-is-layout-28f84493 wp-block-columns-is-layout-flex\">\n<div class=\"wp-block-column is-layout-flow wp-block-column-is-layout-flow\">\n<p>E aqui est\u00e1 a integra\u00e7\u00e3o diretamente na p\u00e1gina, sem bot\u00e3o e sem sobreposi\u00e7\u00e3o.<\/p>\n\n\n\n<script src=\"https:\/\/bken.personaltraining-mallorca.org\/booking-engine.min.js\" data-url=\"https:\/\/barca.book-dev.dibooq.com\/\" data-mode=\"iframe\"><\/script>\n\n\n\n<p>Mais conte\u00fado pode ser adicionado aqui.<\/p>\n<\/div>\n<\/div>\n\n\n\n<div class=\"wp-block-columns is-layout-flex wp-container-core-columns-is-layout-28f84493 wp-block-columns-is-layout-flex\"><\/div>\n\n\n\n<p><\/p>\n","protected":false},"excerpt":{"rendered":"<p>sta \u00e9 uma p\u00e1gina de teste para verificar a integra\u00e7\u00e3o do motor de reservas DiBooq numa instala\u00e7\u00e3o padr\u00e3o do WordPress. O bot\u00e3o abaixo abre o motor de reservas numa sobreposi\u00e7\u00e3o (overlay). E aqui est\u00e1 a integra\u00e7\u00e3o diretamente na p\u00e1gina, sem bot\u00e3o e sem sobreposi\u00e7\u00e3o. Mais conte\u00fado pode ser adicionado aqui.<\/p>\n","protected":false},"author":1,"featured_media":0,"parent":0,"menu_order":0,"comment_status":"closed","ping_status":"closed","template":"","meta":{"footnotes":""},"class_list":["post-73","page","type-page","status-publish","hentry"],"_links":{"self":[{"href":"https:\/\/wp.personaltraining-mallorca.org\/pt-pt\/wp-json\/wp\/v2\/pages\/73","targetHints":{"allow":["GET"]}}],"collection":[{"href":"https:\/\/wp.personaltraining-mallorca.org\/pt-pt\/wp-json\/wp\/v2\/pages"}],"about":[{"href":"https:\/\/wp.personaltraining-mallorca.org\/pt-pt\/wp-json\/wp\/v2\/types\/page"}],"author":[{"embeddable":true,"href":"https:\/\/wp.personaltraining-mallorca.org\/pt-pt\/wp-json\/wp\/v2\/users\/1"}],"replies":[{"embeddable":true,"href":"https:\/\/wp.personaltraining-mallorca.org\/pt-pt\/wp-json\/wp\/v2\/comments?post=73"}],"version-history":[{"count":9,"href":"https:\/\/wp.personaltraining-mallorca.org\/pt-pt\/wp-json\/wp\/v2\/pages\/73\/revisions"}],"predecessor-version":[{"id":304,"href":"https:\/\/wp.personaltraining-mallorca.org\/pt-pt\/wp-json\/wp\/v2\/pages\/73\/revisions\/304"}],"wp:attachment":[{"href":"https:\/\/wp.personaltraining-mallorca.org\/pt-pt\/wp-json\/wp\/v2\/media?parent=73"}],"curies":[{"name":"wp","href":"https:\/\/api.w.org\/{rel}","templated":true}]}}